












{"id":263,"date":"2018-06-07T12:41:54","date_gmt":"2018-06-07T10:41:54","guid":{"rendered":"https:\/\/hotel-rimo-at.kds1.rundrweb.com\/wp\/?page_id=263"},"modified":"2019-12-12T11:32:42","modified_gmt":"2019-12-12T10:32:42","slug":"zarezerwowac-pokoj","status":"publish","type":"page","link":"https:\/\/www.hotel-rimo.at\/pl\/zarezerwowac-pokoj\/","title":{"rendered":"Zarezerwowa\u0107 Pok\u00f3j"},"content":{"rendered":"<div><div id=\"metaslider-id-450\" style=\"width: 100%;\" class=\"ml-slider-3-108-0 metaslider metaslider-flex metaslider-450 ml-slider ms-theme-default nav-hidden\" role=\"region\" aria-label=\"Slider 2\" data-height=\"270\" data-width=\"2400\">\n    <div id=\"metaslider_container_450\">\n        <div id=\"metaslider_450\">\n            <ul class='slides'>\n            <\/ul>\n        <\/div>\n        \n    <\/div>\n<\/div><\/div>\n<div>\n<div><\/div>\n<\/div>\n<div class='conblock con-default  clearfix' style='background: url(https:\/\/www.hotel-rimo.at\/wp\/wp-content\/uploads\/hotel-hotelzimmer-oberoesterreich-ried-im-innkreis-schaerding-braunau-grieskirchen-hotel-rimo1.jpg)'><div class='conblock-inner'>\n<script>window.location = 'https:\/\/checkin24-7.com\/booking.php?calendar=310&amp;amp;custom-language=DE&amp;amp;attribute_string=%26mode%3Dresource_list%26lang%3DDE%26sort%3Dname';<\/script>\n<\/div> <\/div>\n<div>\n<div><\/div>\n<\/div>\n<div>\n<div><\/div>\n<\/div>\n<\/p>","protected":false},"excerpt":{"rendered":"","protected":false},"author":4,"featured_media":0,"parent":0,"menu_order":23,"comment_status":"closed","ping_status":"closed","template":"","meta":{"footnotes":""},"class_list":["post-263","page","type-page","status-publish","hentry"],"yoast_head":"<!-- This site is optimized with the Yoast SEO plugin v27.5 - https:\/\/yoast.com\/product\/yoast-seo-wordpress\/ -->\n<title>Zarezerwowa\u0107 Pok\u00f3j - Hotel Rimo in Ort im Innkreis<\/title>\n<meta name=\"robots\" content=\"index, follow, max-snippet:-1, max-image-preview:large, max-video-preview:-1\" \/>\n<link rel=\"canonical\" href=\"https:\/\/www.hotel-rimo.at\/pl\/zarezerwowac-pokoj\/\" \/>\n<meta property=\"og:locale\" content=\"pl_PL\" \/>\n<meta property=\"og:type\" content=\"article\" \/>\n<meta property=\"og:title\" content=\"Zarezerwowa\u0107 Pok\u00f3j - Hotel Rimo in Ort im Innkreis\" \/>\n<meta property=\"og:url\" content=\"https:\/\/www.hotel-rimo.at\/pl\/zarezerwowac-pokoj\/\" \/>\n<meta property=\"og:site_name\" content=\"Hotel Rimo in Ort im Innkreis\" \/>\n<meta property=\"article:modified_time\" content=\"2019-12-12T10:32:42+00:00\" \/>\n<meta property=\"og:image\" content=\"https:\/\/www.hotel-rimo.at\/wp\/wp-content\/uploads\/Hotel-Rimo.png\" \/>\n\t<meta property=\"og:image:width\" content=\"1200\" \/>\n\t<meta property=\"og:image:height\" content=\"675\" \/>\n\t<meta property=\"og:image:type\" content=\"image\/png\" \/>\n<meta name=\"twitter:card\" content=\"summary_large_image\" \/>\n<script type=\"application\/ld+json\" class=\"yoast-schema-graph\">{\"@context\":\"https:\\\/\\\/schema.org\",\"@graph\":[{\"@type\":\"WebPage\",\"@id\":\"https:\\\/\\\/www.hotel-rimo.at\\\/pl\\\/zarezerwowac-pokoj\\\/\",\"url\":\"https:\\\/\\\/www.hotel-rimo.at\\\/pl\\\/zarezerwowac-pokoj\\\/\",\"name\":\"Zarezerwowa\u0107 Pok\u00f3j - Hotel Rimo in Ort im Innkreis\",\"isPartOf\":{\"@id\":\"https:\\\/\\\/www.hotel-rimo.at\\\/#website\"},\"datePublished\":\"2018-06-07T10:41:54+00:00\",\"dateModified\":\"2019-12-12T10:32:42+00:00\",\"breadcrumb\":{\"@id\":\"https:\\\/\\\/www.hotel-rimo.at\\\/pl\\\/zarezerwowac-pokoj\\\/#breadcrumb\"},\"inLanguage\":\"pl-PL\",\"potentialAction\":[{\"@type\":\"ReadAction\",\"target\":[\"https:\\\/\\\/www.hotel-rimo.at\\\/pl\\\/zarezerwowac-pokoj\\\/\"]}]},{\"@type\":\"BreadcrumbList\",\"@id\":\"https:\\\/\\\/www.hotel-rimo.at\\\/pl\\\/zarezerwowac-pokoj\\\/#breadcrumb\",\"itemListElement\":[{\"@type\":\"ListItem\",\"position\":1,\"name\":\"Startseite\",\"item\":\"https:\\\/\\\/www.hotel-rimo.at\\\/pl\\\/\"},{\"@type\":\"ListItem\",\"position\":2,\"name\":\"Zarezerwowa\u0107 Pok\u00f3j\"}]},{\"@type\":\"WebSite\",\"@id\":\"https:\\\/\\\/www.hotel-rimo.at\\\/#website\",\"url\":\"https:\\\/\\\/www.hotel-rimo.at\\\/\",\"name\":\"Hotel Rimo in Ort im Innkreis\",\"description\":\"24 Stunden Check-In Hotel, 3 Sterne zum Wohlf\u00fchlen, 30 modern und individuell gestaltete G\u00e4stezimmer, mit Dusche und WC, Wohnrauml\u00fcftung, Netzwerkanschluss RJ45 und WLAN, Smart TV, K\u00fchlschrank, Safe usw.\",\"alternateName\":\"Hotel - Zimmer - \u00dcbernachtung - 24 Stunden Check in - in Ort im Innkreis\",\"potentialAction\":[{\"@type\":\"SearchAction\",\"target\":{\"@type\":\"EntryPoint\",\"urlTemplate\":\"https:\\\/\\\/www.hotel-rimo.at\\\/?s={search_term_string}\"},\"query-input\":{\"@type\":\"PropertyValueSpecification\",\"valueRequired\":true,\"valueName\":\"search_term_string\"}}],\"inLanguage\":\"pl-PL\"}]}<\/script>\n<!-- \/ Yoast SEO plugin. -->","yoast_head_json":{"title":"Zarezerwowa\u0107 Pok\u00f3j - Hotel Rimo in Ort im Innkreis","robots":{"index":"index","follow":"follow","max-snippet":"max-snippet:-1","max-image-preview":"max-image-preview:large","max-video-preview":"max-video-preview:-1"},"canonical":"https:\/\/www.hotel-rimo.at\/pl\/zarezerwowac-pokoj\/","og_locale":"pl_PL","og_type":"article","og_title":"Zarezerwowa\u0107 Pok\u00f3j - Hotel Rimo in Ort im Innkreis","og_url":"https:\/\/www.hotel-rimo.at\/pl\/zarezerwowac-pokoj\/","og_site_name":"Hotel Rimo in Ort im Innkreis","article_modified_time":"2019-12-12T10:32:42+00:00","og_image":[{"width":1200,"height":675,"url":"https:\/\/www.hotel-rimo.at\/wp\/wp-content\/uploads\/Hotel-Rimo.png","type":"image\/png"}],"twitter_card":"summary_large_image","schema":{"@context":"https:\/\/schema.org","@graph":[{"@type":"WebPage","@id":"https:\/\/www.hotel-rimo.at\/pl\/zarezerwowac-pokoj\/","url":"https:\/\/www.hotel-rimo.at\/pl\/zarezerwowac-pokoj\/","name":"Zarezerwowa\u0107 Pok\u00f3j - Hotel Rimo in Ort im Innkreis","isPartOf":{"@id":"https:\/\/www.hotel-rimo.at\/#website"},"datePublished":"2018-06-07T10:41:54+00:00","dateModified":"2019-12-12T10:32:42+00:00","breadcrumb":{"@id":"https:\/\/www.hotel-rimo.at\/pl\/zarezerwowac-pokoj\/#breadcrumb"},"inLanguage":"pl-PL","potentialAction":[{"@type":"ReadAction","target":["https:\/\/www.hotel-rimo.at\/pl\/zarezerwowac-pokoj\/"]}]},{"@type":"BreadcrumbList","@id":"https:\/\/www.hotel-rimo.at\/pl\/zarezerwowac-pokoj\/#breadcrumb","itemListElement":[{"@type":"ListItem","position":1,"name":"Startseite","item":"https:\/\/www.hotel-rimo.at\/pl\/"},{"@type":"ListItem","position":2,"name":"Zarezerwowa\u0107 Pok\u00f3j"}]},{"@type":"WebSite","@id":"https:\/\/www.hotel-rimo.at\/#website","url":"https:\/\/www.hotel-rimo.at\/","name":"Hotel Rimo in Ort im Innkreis","description":"24 Stunden Check-In Hotel, 3 Sterne zum Wohlf\u00fchlen, 30 modern und individuell gestaltete G\u00e4stezimmer, mit Dusche und WC, Wohnrauml\u00fcftung, Netzwerkanschluss RJ45 und WLAN, Smart TV, K\u00fchlschrank, Safe usw.","alternateName":"Hotel - Zimmer - \u00dcbernachtung - 24 Stunden Check in - in Ort im Innkreis","potentialAction":[{"@type":"SearchAction","target":{"@type":"EntryPoint","urlTemplate":"https:\/\/www.hotel-rimo.at\/?s={search_term_string}"},"query-input":{"@type":"PropertyValueSpecification","valueRequired":true,"valueName":"search_term_string"}}],"inLanguage":"pl-PL"}]}},"_links":{"self":[{"href":"https:\/\/www.hotel-rimo.at\/pl\/wp-json\/wp\/v2\/pages\/263","targetHints":{"allow":["GET"]}}],"collection":[{"href":"https:\/\/www.hotel-rimo.at\/pl\/wp-json\/wp\/v2\/pages"}],"about":[{"href":"https:\/\/www.hotel-rimo.at\/pl\/wp-json\/wp\/v2\/types\/page"}],"author":[{"embeddable":true,"href":"https:\/\/www.hotel-rimo.at\/pl\/wp-json\/wp\/v2\/users\/4"}],"replies":[{"embeddable":true,"href":"https:\/\/www.hotel-rimo.at\/pl\/wp-json\/wp\/v2\/comments?post=263"}],"version-history":[{"count":10,"href":"https:\/\/www.hotel-rimo.at\/pl\/wp-json\/wp\/v2\/pages\/263\/revisions"}],"predecessor-version":[{"id":612,"href":"https:\/\/www.hotel-rimo.at\/pl\/wp-json\/wp\/v2\/pages\/263\/revisions\/612"}],"wp:attachment":[{"href":"https:\/\/www.hotel-rimo.at\/pl\/wp-json\/wp\/v2\/media?parent=263"}],"curies":[{"name":"wp","href":"https:\/\/api.w.org\/{rel}","templated":true}]}}