












{"id":168,"date":"2018-04-18T08:38:44","date_gmt":"2018-04-18T06:38:44","guid":{"rendered":"https:\/\/hotel-rimo-at.kds1.rundrweb.com\/wp\/?page_id=168"},"modified":"2023-06-28T07:41:40","modified_gmt":"2023-06-28T05:41:40","slug":"imprint","status":"publish","type":"page","link":"https:\/\/www.hotel-rimo.at\/en\/imprint\/","title":{"rendered":"Imprint"},"content":{"rendered":"<div class=\"n2_clear\"><ss3-force-full-width data-overflow-x=\"body\" data-horizontal-selector=\"body\"><div class=\"n2-section-smartslider fitvidsignore  n2_clear\" data-ssid=\"134\"><div id=\"n2-ss-134-align\" class=\"n2-ss-align\"><div class=\"n2-padding\"><div id=\"n2-ss-134\" data-creator=\"Smart Slider 3\" data-responsive=\"fullwidth\" class=\"n2-ss-slider n2-ow n2-has-hover n2notransition  \">\n        <div class=\"n2-ss-slider-1 n2_ss__touch_element n2-ow\">\n            <div class=\"n2-ss-slider-2 n2-ow\">\n                                                <div class=\"n2-ss-slider-3 n2-ow\">\n\n                    <div class=\"n2-ss-slide-backgrounds n2-ow-all\"><div class=\"n2-ss-slide-background\" data-public-id=\"1\" data-mode=\"fill\"><div data-color=\"RGBA(35,176,77,1)\" style=\"background-color: RGBA(35,176,77,1);\" class=\"n2-ss-slide-background-color\"><\/div><\/div><\/div>                    <div class=\"n2-ss-slider-4 n2-ow\">\n                        <svg xmlns=\"http:\/\/www.w3.org\/2000\/svg\" viewBox=\"0 0 1920 300\" data-related-device=\"desktopPortrait\" class=\"n2-ow n2-ss-preserve-size n2-ss-preserve-size--slider n2-ss-slide-limiter\"><\/svg><div data-first=\"1\" data-slide-duration=\"0\" data-id=\"187\" data-slide-public-id=\"1\" data-title=\"Hotel Rimo Ort im Innkreis\" class=\"n2-ss-slide n2-ow  n2-ss-slide-187\"><div role=\"note\" class=\"n2-ss-slide--focus\" tabindex=\"-1\">Hotel Rimo Ort im Innkreis<\/div><div class=\"n2-ss-layers-container n2-ss-slide-limiter n2-ow\"><div class=\"n2-ss-layer n2-ow n-uc-0XCS3MZYZmMf\" data-sstype=\"slide\" data-pm=\"default\"><div class=\"n2-ss-layer n2-ow n-uc-ekFzi8q8eeat\" data-pm=\"default\" data-sstype=\"content\" data-hasbackground=\"0\"><div class=\"n2-ss-section-main-content n2-ss-layer-with-background n2-ss-layer-content n2-ow n-uc-ekFzi8q8eeat-inner\"><div class=\"n2-ss-layer n2-ow n2-ss-layer--block n2-ss-has-self-align n-uc-EthmAVmFEOxh\" data-pm=\"normal\" data-sstype=\"row\"><div class=\"n2-ss-layer-row n2-ss-layer-with-background n-uc-EthmAVmFEOxh-inner\"><div class=\"n2-ss-layer-row-inner \"><div class=\"n2-ss-layer n2-ow n-uc-oVTqgv9PtR3M\" data-pm=\"default\" data-sstype=\"col\"><div class=\"n2-ss-layer-col n2-ss-layer-with-background n2-ss-layer-content n-uc-oVTqgv9PtR3M-inner\"><div class=\"n2-ss-layer n2-ow n2-ss-layer--block n2-ss-has-self-align n-uc-B4famVfOenYH\" data-pm=\"normal\" data-sstype=\"row\"><div class=\"n2-ss-layer-row n2-ss-layer-with-background n-uc-B4famVfOenYH-inner\"><div class=\"n2-ss-layer-row-inner \"><div class=\"n2-ss-layer n2-ow n-uc-jL7ofsHx7ZQb\" data-pm=\"default\" data-sstype=\"col\"><div class=\"n2-ss-layer-col n2-ss-layer-with-background n2-ss-layer-content n-uc-jL7ofsHx7ZQb-inner\"><div class=\"n2-ss-layer n2-ow n-uc-rGiGMMZUMogE\" data-pm=\"normal\" data-sstype=\"layer\"><h1 id=\"n2-ss-134item1\" class=\"n2-font-9ec2eada048b37f2cb2bf59ba5f3a8d9-hover   n2-ss-item-content n2-ss-text n2-ow\" style=\"display:block;\">IMPRINT<\/h1><\/div><div class=\"n2-ss-layer n2-ow n-uc-PlYTosstlGcN\" data-pm=\"normal\" data-hidemobileportrait=\"1\" data-sstype=\"layer\"><div class=\"n2-ss-item-content n2-ss-text n2-ow-all\"><div class=\"\"><p class=\"n2-font-419adcbc10b3fa6aa45a4dc6937501db-paragraph   \">Hotel Rimo &#8211; 3 Stars to make you feel at home<\/p>\n<\/div><\/div><\/div><div class=\"n2-ss-layer n2-ow n-uc-KrdyjR41LZh3\" data-pm=\"normal\" data-sstype=\"layer\"><div class=\"n2-ss-button-container n2-ss-item-content n2-ow n2-font-fef483d577447430b46fd814895d5b61-link  n2-ss-nowrap\"><a class=\"n2-style-1b4d6a8f9561935514d0c9a1e12c8808-heading  n2-ow \" target=\"_blank\" href=\"https:\/\/hotelsoftware.at\/rimo0\"><div><div>BOOK NOW<\/div><\/div><\/a><\/div><\/div><\/div><\/div><\/div><\/div><\/div><\/div><\/div><\/div><\/div><\/div><\/div><\/div><\/div><\/div><\/div>                    <\/div>\n\n                    <div id=\"n2-ss-134-shape-divider-bottom\" class=\"n2-ss-shape-divider n2-ss-shape-divider-bottom\" data-ss-sd-animate=\"0\" data-ss-sd-scroll=\"0\" data-ss-sd-speed=\"100\" data-ss-sd-side=\"bottom\" aria-hidden=\"true\"><div class=\"n2-ss-shape-divider-inner\"><svg xmlns=\"http:\/\/www.w3.org\/2000\/svg\" viewBox=\"0 0 1920 120\" preserveAspectRatio=\"none\"> <path fill='RGBA(255,255,255,1)' duration=\"1\" d=\"M0,0L1920,0L1920,122L0,122z\"><\/path><\/svg><\/div><\/div>                <\/div>\n            <\/div>\n        <\/div>\n        <\/div><ss3-loader><\/ss3-loader><\/div><\/div><div class=\"n2_clear\"><\/div><\/div><\/ss3-force-full-width><\/div>\n\n<div class='conblock con-default  clearfix' style='background: url(https:\/\/www.hotel-rimo.at\/wp\/wp-content\/uploads\/hotel-hotelzimmer-oberoesterreich-ried-im-innkreis-schaerding-braunau-grieskirchen-hotel-rimo1.jpg)'><div class='conblock-inner'>\n<div class='cols2 cols  nomargin  clearfix'>\n<div class='col colspan '>\n<h2>Zeilberger Immobilien GmbH<\/h2>\n<p>Osternach 23<br \/>A-4974 Ort im Innkreis<\/p>\n<p>Phone: : +43 676 422 30 72<br \/>Fax: +43 7751 7130 &#8211; 40<br \/>E-Mail:\u00a0<a href=\"mailto:%6Fff%69%63%65@%68%6Fte%6C%2Dr%69mo.a%74\">&#x6f;&#x66;&#x66;&#x69;&#x63;&#x65;&#x40;<span class=\"oe_displaynone\">null<\/span>&#x68;&#x6f;&#x74;&#x65;&#x6c;&#x2d;&#x72;&#x69;&#x6d;&#x6f;&#x2e;&#x61;&#x74;<\/a><\/p>\n<h3>Company Information<\/h3>\n<p>Managing Director: Richard Zeilberger<br \/>Tax Identification Number:\u00a0ATU69754045<br \/>Company Register:\u00a0FN 436598 g<br \/>Legal Form: Limited Company<br \/>Company Description: Real Estate Management<br \/>Jurisdiction: District Court Ried im Innkreis<br \/>Local Authority: Administrative District Ried im Innkreis<br \/>Professional Association Membership: Wirtschaftskammer Ober\u00f6sterreich<\/p>\n<p><img loading=\"lazy\" decoding=\"async\" class=\"alignnone size-full wp-image-38\" src=\"https:\/\/www.hotel-rimo.at\/wp\/wp-content\/uploads\/WKO.gif\" alt=\"\" width=\"169\" height=\"23\" \/><\/p>\n<h3>E-Mails<\/h3>\n<p>In accordance with the E-Commerce Act (ECG), we draw your attention to the fact that emails sent to us are only retrieved during normal business hours and then answered if necessary.<\/p>\n<\/div>\n<div class='col colspan last'>\n<h2>Website Design<\/h2>\n<p><a href=\"https:\/\/www.rundrweb.com\/\" target=\"_blank\" rel=\"noopener\">R&amp;R Web GmbH<\/a>, Functional Homepages<\/p>\n<h3>Liability notice<\/h3>\n<p>Despite careful content control, we assume no liability for the content of external links. The content of the linked pages is the sole responsibility of their operators. The company\u00a0Zeilberger Immobilien GmbH disclaims all liability for any direct, tangible or consequential damages or any other damages whatsoever arising out of any reason whatsoever in connection with the indirect or direct use of the information provided on the website.<\/p>\n<h3>No Guarantees<\/h3>\n<p>The website has been compiled with great care, but Zeilberger Immobilien GmbH cannot guarantee accuracy, timeliness, and completeness.<\/p>\n<p>Photo sources: Zeilberger Immobilien GmbH,\u00a0www.istockphoto.com<\/p>\n<h3>All rights reserved<\/h3>\n<p>The texts images, graphics, logos etc. provided on this website may not be changed or copied for commercial purposes. We also reserve the right to update or change the information on this website at any time without prior notice.<\/p>\n<\/div>\n<\/div>\n<\/div> <\/div>\n\n<div class=\"n2_clear\"><ss3-force-full-width data-overflow-x=\"body\" data-horizontal-selector=\"body\"><div class=\"n2-section-smartslider fitvidsignore  n2_clear\" data-ssid=\"130\" tabindex=\"0\" role=\"region\" aria-label=\"Slider\"><div id=\"n2-ss-130-align\" class=\"n2-ss-align\"><div class=\"n2-padding\"><div id=\"n2-ss-130\" data-creator=\"Smart Slider 3\" data-responsive=\"fullwidth\" class=\"n2-ss-slider n2-ow n2-has-hover n2notransition  \">\n        <div class=\"n2-ss-slider-1 n2_ss__touch_element n2-ow\">\n            <div class=\"n2-ss-slider-2 n2-ow\">\n                                                <div class=\"n2-ss-slider-3 n2-ow\">\n\n                    <div class=\"n2-ss-slide-backgrounds n2-ow-all\"><div class=\"n2-ss-slide-background\" data-public-id=\"1\" data-mode=\"fill\"><div data-color=\"RGBA(242,242,242,0.95)\" style=\"background-color: RGBA(242,242,242,0.95);\" class=\"n2-ss-slide-background-color\"><\/div><\/div><\/div>                    <div class=\"n2-ss-slider-4 n2-ow\">\n                        <svg xmlns=\"http:\/\/www.w3.org\/2000\/svg\" viewBox=\"0 0 1920 100\" data-related-device=\"desktopPortrait\" class=\"n2-ow n2-ss-preserve-size n2-ss-preserve-size--slider n2-ss-slide-limiter\"><\/svg><div data-first=\"1\" data-slide-duration=\"0\" data-id=\"180\" data-slide-public-id=\"1\" data-title=\"Hotel Rimo Ort im Innkreis\" class=\"n2-ss-slide n2-ow  n2-ss-slide-180\"><div role=\"note\" class=\"n2-ss-slide--focus\" tabindex=\"-1\">Hotel Rimo Ort im Innkreis<\/div><div class=\"n2-ss-layers-container n2-ss-slide-limiter n2-ow\"><div class=\"n2-ss-layer n2-ow n-uc-naoPEj3TBzMe\" data-sstype=\"slide\" data-pm=\"default\"><div class=\"n2-ss-layer n2-ow n-uc-dOYzvdSRcZNH\" data-pm=\"default\" data-sstype=\"content\" data-hasbackground=\"0\"><div class=\"n2-ss-section-main-content n2-ss-layer-with-background n2-ss-layer-content n2-ow n-uc-dOYzvdSRcZNH-inner\"><div class=\"n2-ss-layer n2-ow n-uc-7D8VCKPlwLb0\" data-pm=\"normal\" data-sstype=\"layer\"><h3 id=\"n2-ss-130item1\" class=\"n2-font-b4e9711f3418df0e6ecd0823a655e5f8-hover   n2-ss-item-content n2-ss-text n2-ow\" style=\"display:block;\">Hotel Rimo<\/h3><\/div><div class=\"n2-ss-layer n2-ow n-uc-5noAtPlhSPOC\" data-pm=\"normal\" data-sstype=\"layer\"><h3 id=\"n2-ss-130item2\" class=\"n2-font-2f9962be8bfe81f86f71122df5ac6b1b-hover   n2-ss-item-content n2-ss-text n2-ow\" style=\"display:block;\">The 24 hour check-in hotel in Upper Austria<\/h3><\/div><div class=\"n2-ss-layer n2-ow n2-ss-layer--block n2-ss-has-self-align n-uc-TX5nHLIfl6wf\" data-pm=\"normal\" data-sstype=\"row\"><div class=\"n2-ss-layer-row n2-ss-layer-with-background n-uc-TX5nHLIfl6wf-inner\"><div class=\"n2-ss-layer-row-inner \"><div class=\"n2-ss-layer n2-ow n-uc-BJpDbbScED0A\" data-pm=\"default\" data-sstype=\"col\"><div class=\"n2-ss-layer-col n2-ss-layer-with-background n2-ss-layer-content n-uc-BJpDbbScED0A-inner\"><div class=\"n2-ss-layer n2-ow n-uc-0iKVWESuqlAz\" data-pm=\"normal\" data-sstype=\"layer\"><div class=\"n2-ss-button-container n2-ss-item-content n2-ow n2-font-66859f67022d9859ebda2fd422c09995-link  n2-ss-nowrap\"><a class=\"n2-style-a792e3536c87a532667925d0dacd782b-heading  n2-ow \" href=\"tel:00436764223072\"><div><div>+43 676 422 30 72<\/div><\/div><\/a><\/div><\/div><\/div><\/div><div class=\"n2-ss-layer n2-ow n-uc-Zbj89HLFQGLG\" data-pm=\"default\" data-sstype=\"col\"><div class=\"n2-ss-layer-col n2-ss-layer-with-background n2-ss-layer-content n-uc-Zbj89HLFQGLG-inner\"><div class=\"n2-ss-layer n2-ow n-uc-oiLr5zaBQBOu\" data-pm=\"normal\" data-sstype=\"layer\"><div class=\"n2-ss-button-container n2-ss-item-content n2-ow n2-font-66859f67022d9859ebda2fd422c09995-link  n2-ss-nowrap\"><a class=\"n2-style-a792e3536c87a532667925d0dacd782b-heading  n2-ow \" target=\"_blank\" href=\"https:\/\/hotelsoftware.at\/rimo0\"><div><div>BOOK NOW<\/div><\/div><\/a><\/div><\/div><\/div><\/div><\/div><\/div><\/div><\/div><\/div><\/div><\/div><\/div>                    <\/div>\n\n                    <div id=\"n2-ss-130-shape-divider-bottom\" class=\"n2-ss-shape-divider n2-ss-shape-divider-bottom\" data-ss-sd-animate=\"0\" data-ss-sd-scroll=\"0\" data-ss-sd-speed=\"100\" data-ss-sd-side=\"bottom\" aria-hidden=\"true\"><div class=\"n2-ss-shape-divider-inner\"><svg xmlns=\"http:\/\/www.w3.org\/2000\/svg\" viewBox=\"0 0 1920 120\" preserveAspectRatio=\"none\"> <path fill='RGBA(35,176,77,1)' duration=\"1\" d=\"M0,0L1920,0L1920,122L0,122z\"><\/path><\/svg><\/div><\/div>                <\/div>\n            <\/div>\n        <\/div>\n        <\/div><ss3-loader><\/ss3-loader><\/div><\/div><div class=\"n2_clear\"><\/div><\/div><\/ss3-force-full-width><\/div>\n\n<div><ss3-force-full-width data-overflow-x=\"body\" data-horizontal-selector=\"body\"><div class=\"n2-section-smartslider fitvidsignore \" data-ssid=\"10\"><div id=\"n2-ss-10-align\" class=\"n2-ss-align\"><div class=\"n2-padding\"><div id=\"n2-ss-10\" data-creator=\"Smart Slider 3\" data-responsive=\"fullwidth\" class=\"n2-ss-slider n2-ow n2-has-hover n2notransition  \">\n        <div class=\"n2-ss-slider-1 n2-ow\">\n            <div class=\"n2-ss-slider-2 n2-ow\">\n                <div class=\"n2-ss-slide-backgrounds n2-ow-all\"><div class=\"n2-ss-slide-background\" data-public-id=\"1\" data-mode=\"fill\"><div class=\"n2-ss-slide-background-image\" data-blur=\"0\" data-opacity=\"100\" data-x=\"50\" data-y=\"80\" data-alt=\"Hotel Rimo Ort im Innkreis\" data-title=\"\" style=\"--ss-o-pos-y:80%\"><picture class=\"skip-lazy\" data-skip-lazy=\"1\"><img decoding=\"async\" src=\"\/\/www.hotel-rimo.at\/wp\/wp-content\/uploads\/Hotel-Rimo-Ort-im-Innkreis-oberoesterreich1-2.jpg\" alt=\"Hotel Rimo Ort im Innkreis\" title=\"\" loading=\"lazy\" class=\"skip-lazy\" data-skip-lazy=\"1\"\/><\/picture><\/div><div data-color=\"RGBA(255,255,255,0.8)\" style=\"background-color: RGBA(255,255,255,0.8);\" class=\"n2-ss-slide-background-color\"><\/div><\/div><\/div>                <div class=\"n2-ss-slider-3 n2-ow\">\n                    <svg xmlns=\"http:\/\/www.w3.org\/2000\/svg\" viewBox=\"0 0 1920 400\" data-related-device=\"desktopPortrait\" class=\"n2-ow n2-ss-preserve-size n2-ss-preserve-size--slider n2-ss-slide-limiter\"><\/svg><div data-first=\"1\" data-slide-duration=\"0\" data-id=\"13\" data-slide-public-id=\"1\" data-title=\"Hotel Rimo Ort im Innkreis\" class=\"n2-ss-slide n2-ow  n2-ss-slide-13\"><div role=\"note\" class=\"n2-ss-slide--focus\" tabindex=\"-1\">Hotel Rimo Ort im Innkreis<\/div><div class=\"n2-ss-layers-container n2-ss-slide-limiter n2-ow\"><div class=\"n2-ss-layer n2-ow n-uc-sDnqoywr3TLt\" data-sstype=\"slide\" data-pm=\"default\"><div class=\"n2-ss-layer n2-ow n-uc-H0ilotAaz77e\" data-pm=\"default\" data-sstype=\"content\" data-hasbackground=\"0\"><div class=\"n2-ss-section-main-content n2-ss-layer-with-background n2-ss-layer-content n2-ow n-uc-H0ilotAaz77e-inner\"><div class=\"n2-ss-layer n2-ow n-uc-gzg5o6hvZWLA\" data-pm=\"normal\" data-hidemobileportrait=\"1\" data-sstype=\"layer\"><div class=\" n2-ss-item-image-content n2-ss-item-content n2-ow-all\"><picture class=\"skip-lazy\" data-skip-lazy=\"1\"><img loading=\"lazy\" decoding=\"async\" id=\"n2-ss-10item1\" alt=\"Hotel Rimo Ort im Innkreis\" class=\"skip-lazy\" width=\"1000\" height=\"361\" data-skip-lazy=\"1\" src=\"\/\/www.hotel-rimo.at\/wp\/wp-content\/uploads\/Hotel-Rimo-Ort-im-Innkreis-Logo.png\" \/><\/picture><\/div><\/div><\/div><\/div><\/div><\/div><\/div>                <\/div>\n                            <\/div>\n        <\/div>\n        <\/div><ss3-loader><\/ss3-loader><\/div><\/div><div class=\"n2_clear\"><\/div><\/div><\/ss3-force-full-width><\/div><\/p>","protected":false},"excerpt":{"rendered":"","protected":false},"author":4,"featured_media":0,"parent":0,"menu_order":30,"comment_status":"closed","ping_status":"closed","template":"","meta":{"footnotes":""},"class_list":["post-168","page","type-page","status-publish","hentry"],"yoast_head":"<!-- This site is optimized with the Yoast SEO plugin v27.5 - https:\/\/yoast.com\/product\/yoast-seo-wordpress\/ -->\n<title>Imprint - Hotel Rimo in Ort im Innkreis<\/title>\n<meta name=\"description\" content=\"HOTEL RIMO - Das 24 Stunden Check in Hotel in Ort in Innkreis Ober\u00f6sterreich. Direkt an der Autobahn A8 \u00fcbernachten. Zimmer Ried im Innkreis\" \/>\n<meta name=\"robots\" content=\"index, follow, max-snippet:-1, max-image-preview:large, max-video-preview:-1\" \/>\n<link rel=\"canonical\" href=\"https:\/\/www.hotel-rimo.at\/en\/imprint\/\" \/>\n<meta property=\"og:locale\" content=\"en_US\" \/>\n<meta property=\"og:type\" content=\"article\" \/>\n<meta property=\"og:title\" content=\"Imprint - Hotel Rimo in Ort im Innkreis\" \/>\n<meta property=\"og:description\" content=\"HOTEL RIMO - Das 24 Stunden Check in Hotel in Ort in Innkreis Ober\u00f6sterreich. Direkt an der Autobahn A8 \u00fcbernachten. Zimmer Ried im Innkreis\" \/>\n<meta property=\"og:url\" content=\"https:\/\/www.hotel-rimo.at\/en\/imprint\/\" \/>\n<meta property=\"og:site_name\" content=\"Hotel Rimo in Ort im Innkreis\" \/>\n<meta property=\"article:modified_time\" content=\"2023-06-28T05:41:40+00:00\" \/>\n<meta property=\"og:image\" content=\"https:\/\/www.hotel-rimo.at\/wp\/wp-content\/uploads\/WKO.gif\" \/>\n<meta name=\"twitter:card\" content=\"summary_large_image\" \/>\n<meta name=\"twitter:label1\" content=\"Est. reading time\" \/>\n\t<meta name=\"twitter:data1\" content=\"1 minute\" \/>\n<script type=\"application\/ld+json\" class=\"yoast-schema-graph\">{\"@context\":\"https:\\\/\\\/schema.org\",\"@graph\":[{\"@type\":\"WebPage\",\"@id\":\"https:\\\/\\\/www.hotel-rimo.at\\\/en\\\/imprint\\\/\",\"url\":\"https:\\\/\\\/www.hotel-rimo.at\\\/en\\\/imprint\\\/\",\"name\":\"Imprint - Hotel Rimo in Ort im Innkreis\",\"isPartOf\":{\"@id\":\"https:\\\/\\\/www.hotel-rimo.at\\\/#website\"},\"primaryImageOfPage\":{\"@id\":\"https:\\\/\\\/www.hotel-rimo.at\\\/en\\\/imprint\\\/#primaryimage\"},\"image\":{\"@id\":\"https:\\\/\\\/www.hotel-rimo.at\\\/en\\\/imprint\\\/#primaryimage\"},\"thumbnailUrl\":\"https:\\\/\\\/www.hotel-rimo.at\\\/wp\\\/wp-content\\\/uploads\\\/WKO.gif\",\"datePublished\":\"2018-04-18T06:38:44+00:00\",\"dateModified\":\"2023-06-28T05:41:40+00:00\",\"description\":\"HOTEL RIMO - Das 24 Stunden Check in Hotel in Ort in Innkreis Ober\u00f6sterreich. Direkt an der Autobahn A8 \u00fcbernachten. Zimmer Ried im Innkreis\",\"breadcrumb\":{\"@id\":\"https:\\\/\\\/www.hotel-rimo.at\\\/en\\\/imprint\\\/#breadcrumb\"},\"inLanguage\":\"en-US\",\"potentialAction\":[{\"@type\":\"ReadAction\",\"target\":[\"https:\\\/\\\/www.hotel-rimo.at\\\/en\\\/imprint\\\/\"]}]},{\"@type\":\"ImageObject\",\"inLanguage\":\"en-US\",\"@id\":\"https:\\\/\\\/www.hotel-rimo.at\\\/en\\\/imprint\\\/#primaryimage\",\"url\":\"https:\\\/\\\/www.hotel-rimo.at\\\/wp\\\/wp-content\\\/uploads\\\/WKO.gif\",\"contentUrl\":\"https:\\\/\\\/www.hotel-rimo.at\\\/wp\\\/wp-content\\\/uploads\\\/WKO.gif\"},{\"@type\":\"BreadcrumbList\",\"@id\":\"https:\\\/\\\/www.hotel-rimo.at\\\/en\\\/imprint\\\/#breadcrumb\",\"itemListElement\":[{\"@type\":\"ListItem\",\"position\":1,\"name\":\"Startseite\",\"item\":\"https:\\\/\\\/www.hotel-rimo.at\\\/en\\\/\"},{\"@type\":\"ListItem\",\"position\":2,\"name\":\"Imprint\"}]},{\"@type\":\"WebSite\",\"@id\":\"https:\\\/\\\/www.hotel-rimo.at\\\/#website\",\"url\":\"https:\\\/\\\/www.hotel-rimo.at\\\/\",\"name\":\"Hotel Rimo in Ort im Innkreis\",\"description\":\"24 Stunden Check-In Hotel, 3 Sterne zum Wohlf\u00fchlen, 30 modern und individuell gestaltete G\u00e4stezimmer, mit Dusche und WC, Wohnrauml\u00fcftung, Netzwerkanschluss RJ45 und WLAN, Smart TV, K\u00fchlschrank, Safe usw.\",\"alternateName\":\"Hotel - Zimmer - \u00dcbernachtung - 24 Stunden Check in - in Ort im Innkreis\",\"potentialAction\":[{\"@type\":\"SearchAction\",\"target\":{\"@type\":\"EntryPoint\",\"urlTemplate\":\"https:\\\/\\\/www.hotel-rimo.at\\\/?s={search_term_string}\"},\"query-input\":{\"@type\":\"PropertyValueSpecification\",\"valueRequired\":true,\"valueName\":\"search_term_string\"}}],\"inLanguage\":\"en-US\"}]}<\/script>\n<!-- \/ Yoast SEO plugin. -->","yoast_head_json":{"title":"Imprint - Hotel Rimo in Ort im Innkreis","description":"HOTEL RIMO - Das 24 Stunden Check in Hotel in Ort in Innkreis Ober\u00f6sterreich. Direkt an der Autobahn A8 \u00fcbernachten. Zimmer Ried im Innkreis","robots":{"index":"index","follow":"follow","max-snippet":"max-snippet:-1","max-image-preview":"max-image-preview:large","max-video-preview":"max-video-preview:-1"},"canonical":"https:\/\/www.hotel-rimo.at\/en\/imprint\/","og_locale":"en_US","og_type":"article","og_title":"Imprint - Hotel Rimo in Ort im Innkreis","og_description":"HOTEL RIMO - Das 24 Stunden Check in Hotel in Ort in Innkreis Ober\u00f6sterreich. Direkt an der Autobahn A8 \u00fcbernachten. Zimmer Ried im Innkreis","og_url":"https:\/\/www.hotel-rimo.at\/en\/imprint\/","og_site_name":"Hotel Rimo in Ort im Innkreis","article_modified_time":"2023-06-28T05:41:40+00:00","og_image":[{"url":"https:\/\/www.hotel-rimo.at\/wp\/wp-content\/uploads\/WKO.gif","type":"","width":"","height":""}],"twitter_card":"summary_large_image","twitter_misc":{"Est. reading time":"1 minute"},"schema":{"@context":"https:\/\/schema.org","@graph":[{"@type":"WebPage","@id":"https:\/\/www.hotel-rimo.at\/en\/imprint\/","url":"https:\/\/www.hotel-rimo.at\/en\/imprint\/","name":"Imprint - Hotel Rimo in Ort im Innkreis","isPartOf":{"@id":"https:\/\/www.hotel-rimo.at\/#website"},"primaryImageOfPage":{"@id":"https:\/\/www.hotel-rimo.at\/en\/imprint\/#primaryimage"},"image":{"@id":"https:\/\/www.hotel-rimo.at\/en\/imprint\/#primaryimage"},"thumbnailUrl":"https:\/\/www.hotel-rimo.at\/wp\/wp-content\/uploads\/WKO.gif","datePublished":"2018-04-18T06:38:44+00:00","dateModified":"2023-06-28T05:41:40+00:00","description":"HOTEL RIMO - Das 24 Stunden Check in Hotel in Ort in Innkreis Ober\u00f6sterreich. Direkt an der Autobahn A8 \u00fcbernachten. Zimmer Ried im Innkreis","breadcrumb":{"@id":"https:\/\/www.hotel-rimo.at\/en\/imprint\/#breadcrumb"},"inLanguage":"en-US","potentialAction":[{"@type":"ReadAction","target":["https:\/\/www.hotel-rimo.at\/en\/imprint\/"]}]},{"@type":"ImageObject","inLanguage":"en-US","@id":"https:\/\/www.hotel-rimo.at\/en\/imprint\/#primaryimage","url":"https:\/\/www.hotel-rimo.at\/wp\/wp-content\/uploads\/WKO.gif","contentUrl":"https:\/\/www.hotel-rimo.at\/wp\/wp-content\/uploads\/WKO.gif"},{"@type":"BreadcrumbList","@id":"https:\/\/www.hotel-rimo.at\/en\/imprint\/#breadcrumb","itemListElement":[{"@type":"ListItem","position":1,"name":"Startseite","item":"https:\/\/www.hotel-rimo.at\/en\/"},{"@type":"ListItem","position":2,"name":"Imprint"}]},{"@type":"WebSite","@id":"https:\/\/www.hotel-rimo.at\/#website","url":"https:\/\/www.hotel-rimo.at\/","name":"Hotel Rimo in Ort im Innkreis","description":"24 Stunden Check-In Hotel, 3 Sterne zum Wohlf\u00fchlen, 30 modern und individuell gestaltete G\u00e4stezimmer, mit Dusche und WC, Wohnrauml\u00fcftung, Netzwerkanschluss RJ45 und WLAN, Smart TV, K\u00fchlschrank, Safe usw.","alternateName":"Hotel - Zimmer - \u00dcbernachtung - 24 Stunden Check in - in Ort im Innkreis","potentialAction":[{"@type":"SearchAction","target":{"@type":"EntryPoint","urlTemplate":"https:\/\/www.hotel-rimo.at\/?s={search_term_string}"},"query-input":{"@type":"PropertyValueSpecification","valueRequired":true,"valueName":"search_term_string"}}],"inLanguage":"en-US"}]}},"_links":{"self":[{"href":"https:\/\/www.hotel-rimo.at\/en\/wp-json\/wp\/v2\/pages\/168","targetHints":{"allow":["GET"]}}],"collection":[{"href":"https:\/\/www.hotel-rimo.at\/en\/wp-json\/wp\/v2\/pages"}],"about":[{"href":"https:\/\/www.hotel-rimo.at\/en\/wp-json\/wp\/v2\/types\/page"}],"author":[{"embeddable":true,"href":"https:\/\/www.hotel-rimo.at\/en\/wp-json\/wp\/v2\/users\/4"}],"replies":[{"embeddable":true,"href":"https:\/\/www.hotel-rimo.at\/en\/wp-json\/wp\/v2\/comments?post=168"}],"version-history":[{"count":9,"href":"https:\/\/www.hotel-rimo.at\/en\/wp-json\/wp\/v2\/pages\/168\/revisions"}],"predecessor-version":[{"id":799,"href":"https:\/\/www.hotel-rimo.at\/en\/wp-json\/wp\/v2\/pages\/168\/revisions\/799"}],"wp:attachment":[{"href":"https:\/\/www.hotel-rimo.at\/en\/wp-json\/wp\/v2\/media?parent=168"}],"curies":[{"name":"wp","href":"https:\/\/api.w.org\/{rel}","templated":true}]}}